{"id":8697,"date":"2023-10-25T10:15:24","date_gmt":"2023-10-25T03:15:24","guid":{"rendered":"https:\/\/tagsoo.com\/?post_type=product&#038;p=6837"},"modified":"2026-04-11T10:27:36","modified_gmt":"2026-04-11T10:27:36","slug":"gold-plated-displayport-to-displayport-cable-10-feet","status":"publish","type":"product","link":"https:\/\/tagsoo.com\/de\/produkt\/gold-plated-displayport-to-displayport-cable-10-feet\/","title":{"rendered":"Vergoldetes DisplayPort-zu-DisplayPort-Kabel, 10 m lang"},"content":{"rendered":"<div data-elementor-type=\"wp-post\" data-elementor-id=\"8697\" class=\"elementor elementor-8697\" data-elementor-post-type=\"product\">\n\t\t\t\t<div class=\"elementor-element elementor-element-743bfcf7 e-flex e-con-boxed e-con e-parent\" data-id=\"743bfcf7\" data-element_type=\"container\" data-e-type=\"container\">\n\t\t\t\t\t<div class=\"e-con-inner\">\n\t\t\t\t<div class=\"elementor-element elementor-element-736f3725 elementor-widget elementor-widget-text-editor\" data-id=\"736f3725\" data-element_type=\"widget\" data-e-type=\"widget\" data-widget_type=\"text-editor.default\">\n\t\t\t\t\t\t\t\t\t<p>Dieses Apple MacBook Pro (MPXQ2LL\/A) hat ein hochaufl\u00f6sendes 13,3-Zoll-Retina-Display mit LED-Hintergrundbeleuchtung (native Aufl\u00f6sung 2560 x 1600). Angetrieben von Intel Core i5 (2,3 GHz) und Intel Iris Plus Grafik 640. Solid State Drive mit einer Kapazit\u00e4t von 256 GB und 8 GB RAM. Unterst\u00fctzt Mac OS. Im Lieferumfang enthalten sind ein schwarzes Geh\u00e4use, eine drahtlose Maus und ein Bluetooth-Headset! Dieses Ger\u00e4t wurde getestet und befindet sich in einem einwandfreien Zustand. Es weist Gebrauchsspuren und kosmetische M\u00e4ngel auf, zu denen auch einige Kratzer\/Dellen geh\u00f6ren k\u00f6nnen, die jedoch die Nutzbarkeit des Ger\u00e4ts nicht beeintr\u00e4chtigen. (Wiederaufbereitet)<\/p>\t\t\t\t\t\t\t\t<\/div>\n\t\t\t\t\t<\/div>\n\t\t\t\t<\/div>\n\t\t<div class=\"elementor-element elementor-element-554a8c71 e-flex e-con-boxed e-con e-parent\" data-id=\"554a8c71\" data-element_type=\"container\" data-e-type=\"container\">\n\t\t\t\t\t<div class=\"e-con-inner\">\n\t\t<div class=\"elementor-element elementor-element-4a161ff5 e-con-full e-flex e-con e-child\" data-id=\"4a161ff5\" data-element_type=\"container\" data-e-type=\"container\">\n\t\t\t\t<div class=\"elementor-element elementor-element-7c3747cc elementor-widget elementor-widget-heading\" data-id=\"7c3747cc\" data-element_type=\"widget\" data-e-type=\"widget\" data-widget_type=\"heading.default\">\n\t\t\t\t\t<h3 class=\"elementor-heading-title elementor-size-default\">Abmessungen und Gewicht<\/h3>\t\t\t\t<\/div>\n\t\t\t\t<div class=\"elementor-element elementor-element-666ae2c3 elementor-widget elementor-widget-text-editor\" data-id=\"666ae2c3\" data-element_type=\"widget\" data-e-type=\"widget\" data-widget_type=\"text-editor.default\">\n\t\t\t\t\t\t\t\t\t<ol><li>Breite: 356,78 mm (14,05 in.)<\/li><li>H\u00f6he: 15,67 mm - 18,30 mm (0,62 in. - 0,72 in.)<\/li><li>Tiefe: 251,90 mm (9,92 in.)<\/li><li>Gewicht (Minimum): 1,90 kg (4,19 lbs.)<\/li><\/ol>\t\t\t\t\t\t\t\t<\/div>\n\t\t\t\t<\/div>\n\t\t<div class=\"elementor-element elementor-element-3ac726d0 e-con-full e-flex e-con e-child\" data-id=\"3ac726d0\" data-element_type=\"container\" data-e-type=\"container\">\n\t\t\t\t<div class=\"elementor-element elementor-element-793231a elementor-widget elementor-widget-image\" data-id=\"793231a\" data-element_type=\"widget\" data-e-type=\"widget\" data-widget_type=\"image.default\">\n\t\t\t\t\t\t\t\t\t\t\t\t\t\t\t<img fetchpriority=\"high\" decoding=\"async\" width=\"648\" height=\"412\" src=\"https:\/\/tagsoo.com\/wp-content\/uploads\/2023\/10\/product-detail-1.png\" class=\"attachment-full size-full wp-image-6979\" alt=\"product-detail-1\" \/>\t\t\t\t\t\t\t\t\t\t\t\t\t\t\t<\/div>\n\t\t\t\t<\/div>\n\t\t\t\t\t<\/div>\n\t\t\t\t<\/div>\n\t\t<div class=\"elementor-element elementor-element-25b16a30 e-flex e-con-boxed e-con e-parent\" data-id=\"25b16a30\" data-element_type=\"container\" data-e-type=\"container\">\n\t\t\t\t\t<div class=\"e-con-inner\">\n\t\t<div class=\"elementor-element elementor-element-69995f9c e-con-full e-flex e-con e-child\" data-id=\"69995f9c\" data-element_type=\"container\" data-e-type=\"container\">\n\t\t\t\t<div class=\"elementor-element elementor-element-54a6fec elementor-widget elementor-widget-image\" data-id=\"54a6fec\" data-element_type=\"widget\" data-e-type=\"widget\" data-widget_type=\"image.default\">\n\t\t\t\t\t\t\t\t\t\t\t\t\t\t\t<img decoding=\"async\" width=\"582\" height=\"362\" src=\"https:\/\/tagsoo.com\/wp-content\/uploads\/2023\/10\/product-detail-2.png\" class=\"attachment-full size-full wp-image-6981\" alt=\"product-detail-2\" \/>\t\t\t\t\t\t\t\t\t\t\t\t\t\t\t<\/div>\n\t\t\t\t<\/div>\n\t\t<div class=\"elementor-element elementor-element-574d4bdd e-con-full e-flex e-con e-child\" data-id=\"574d4bdd\" data-element_type=\"container\" data-e-type=\"container\">\n\t\t\t\t<div class=\"elementor-element elementor-element-28350d85 elementor-widget elementor-widget-heading\" data-id=\"28350d85\" data-element_type=\"widget\" data-e-type=\"widget\" data-widget_type=\"heading.default\">\n\t\t\t\t\t<h3 class=\"elementor-heading-title elementor-size-default\">Bessere Leistung. Mehr Produktivit\u00e4t.<\/h3>\t\t\t\t<\/div>\n\t\t\t\t<div class=\"elementor-element elementor-element-6cf35318 elementor-widget elementor-widget-text-editor\" data-id=\"6cf35318\" data-element_type=\"widget\" data-e-type=\"widget\" data-widget_type=\"text-editor.default\">\n\t\t\t\t\t\t\t\t\t<p>Dank der Intel\u00ae Core\u2122 Prozessoren der 13. Generation l\u00e4uft dieses Notebook mit Spitzenleistung, um Sie durch den Tag zu bringen. Arbeiten Sie gerade an grafikintensiven Aufgaben? Die optionale NVIDIA\u00ae RTX 2050-Grafik (in K\u00fcrze erh\u00e4ltlich) gibt Ihnen den n\u00f6tigen Schub.<\/p><p>Genie\u00dfen Sie dank des LPDDR5-Speichers eine schnelle, reibungslose PC-Leistung ohne Leistungseinbu\u00dfen. Und dank der dualen Heatpipes bleibt Ihr Ger\u00e4t angenehm k\u00fchl und l\u00e4uft zu H\u00f6chstform auf. In der Zwischenzeit optimiert die adaptive Thermik die Leistung je nach Standort Ihres Ger\u00e4ts, egal ob es auf einer stabilen Oberfl\u00e4che wie einem Schreibtisch oder einer instabilen Oberfl\u00e4che wie Ihrem Scho\u00df steht. Mithilfe fortschrittlicher Algorithmen und Beschleunigungssensoren passt Ihr Ger\u00e4t seine Energie- und W\u00e4rmeprofile intelligent an die jeweilige Situation an, damit Ihr Ger\u00e4t reibungslos l\u00e4uft.<\/p><p>Konzentrieren Sie sich auf den 4-seitigen schmalen Rand und das FHD+-Display mit DC Dimming, das Flimmern f\u00fcr ein angenehmes Seherlebnis reduziert. Au\u00dferdem reduziert dieses vom T\u00dcV Rheinland zertifizierte Notebook mit Dell ComfortView-Softwaretechnologie sch\u00e4dliche Blaulicht-Emissionen, um den Komfort f\u00fcr die Augen bei l\u00e4ngerer Bildschirmarbeit zu optimieren.<\/p>\t\t\t\t\t\t\t\t<\/div>\n\t\t\t\t<\/div>\n\t\t\t\t\t<\/div>\n\t\t\t\t<\/div>\n\t\t<div class=\"elementor-element elementor-element-5064b709 e-flex e-con-boxed e-con e-parent\" data-id=\"5064b709\" data-element_type=\"container\" data-e-type=\"container\">\n\t\t\t\t\t<div class=\"e-con-inner\">\n\t\t<div class=\"elementor-element elementor-element-7ddd057e e-con-full e-flex e-con e-child\" data-id=\"7ddd057e\" data-element_type=\"container\" data-e-type=\"container\">\n\t\t\t\t<div class=\"elementor-element elementor-element-4cf539ee elementor-widget elementor-widget-heading\" data-id=\"4cf539ee\" data-element_type=\"widget\" data-e-type=\"widget\" data-widget_type=\"heading.default\">\n\t\t\t\t\t<h3 class=\"elementor-heading-title elementor-size-default\">Bleiben Sie sicher.<\/h3>\t\t\t\t<\/div>\n\t\t\t\t<div class=\"elementor-element elementor-element-4841d6d1 elementor-widget elementor-widget-text-editor\" data-id=\"4841d6d1\" data-element_type=\"widget\" data-e-type=\"widget\" data-widget_type=\"text-editor.default\">\n\t\t\t\t\t\t\t\t\t<p>Das Trusted Platform Module 2.0 ist ein kommerzieller Sicherheitschip, der auf der Hauptplatine installiert ist und Passw\u00f6rter und Verschl\u00fcsselungsschl\u00fcssel erstellt und speichert. Er stellt sicher, dass der Computer vor dem Hochfahren nicht manipuliert wurde, und sch\u00fctzt Ihre Daten vor externen Softwareangriffen.<\/p><p>Mit dem Fingerabdruckleser k\u00f6nnen Sie sich mit einer Ber\u00fchrung sicher anmelden, w\u00e4hrend der mechanische Verschluss der Kamera Ihre Privatsph\u00e4re sch\u00fctzt und versehentliche Peinlichkeiten verhindert.<\/p>\t\t\t\t\t\t\t\t<\/div>\n\t\t\t\t<\/div>\n\t\t<div class=\"elementor-element elementor-element-7386836f e-con-full e-flex e-con e-child\" data-id=\"7386836f\" data-element_type=\"container\" data-e-type=\"container\">\n\t\t\t\t<div class=\"elementor-element elementor-element-43f39ea4 elementor-widget elementor-widget-image\" data-id=\"43f39ea4\" data-element_type=\"widget\" data-e-type=\"widget\" data-widget_type=\"image.default\">\n\t\t\t\t\t\t\t\t\t\t\t\t\t\t\t<img decoding=\"async\" width=\"556\" height=\"244\" src=\"https:\/\/tagsoo.com\/wp-content\/uploads\/2023\/10\/product-detail-3.png\" class=\"attachment-full size-full wp-image-6980\" alt=\"product-detail-3\" \/>\t\t\t\t\t\t\t\t\t\t\t\t\t\t\t<\/div>\n\t\t\t\t<\/div>\n\t\t\t\t\t<\/div>\n\t\t\t\t<\/div>\n\t\t\t\t<\/div>","protected":false},"excerpt":{"rendered":"<ul>\n<li>RAM: 16GB<\/li>\n<li>Festplatte: 256GB SSD<\/li>\n<li>Bildschirmgr\u00f6\u00dfe: 13,3 Zoll<\/li>\n<\/ul>","protected":false},"featured_media":8200,"comment_status":"open","ping_status":"closed","template":"","meta":{"_monsterinsights_skip_tracking":false,"_monsterinsights_sitenote_active":false,"_monsterinsights_sitenote_note":"","_monsterinsights_sitenote_category":0},"product_brand":[],"product_cat":[153],"product_tag":[52,73,74,134],"class_list":{"0":"post-8697","1":"product","2":"type-product","3":"status-publish","4":"has-post-thumbnail","6":"product_cat-laptop-accessories","7":"product_tag-tag-accessories","8":"product_tag-tag-electronic","9":"product_tag-tag-game","10":"product_tag-tech-accessories","11":"ts_product_brand-acer","13":"first","14":"instock","15":"featured","16":"shipping-taxable","17":"purchasable","18":"product-type-simple","19":"add-to-wishlist-after_add_to_cart"},"aioseo_notices":[],"_links":{"self":[{"href":"https:\/\/tagsoo.com\/de\/wp-json\/wp\/v2\/product\/8697","targetHints":{"allow":["GET"]}}],"collection":[{"href":"https:\/\/tagsoo.com\/de\/wp-json\/wp\/v2\/product"}],"about":[{"href":"https:\/\/tagsoo.com\/de\/wp-json\/wp\/v2\/types\/product"}],"replies":[{"embeddable":true,"href":"https:\/\/tagsoo.com\/de\/wp-json\/wp\/v2\/comments?post=8697"}],"version-history":[{"count":2,"href":"https:\/\/tagsoo.com\/de\/wp-json\/wp\/v2\/product\/8697\/revisions"}],"predecessor-version":[{"id":9332,"href":"https:\/\/tagsoo.com\/de\/wp-json\/wp\/v2\/product\/8697\/revisions\/9332"}],"wp:featuredmedia":[{"embeddable":true,"href":"https:\/\/tagsoo.com\/de\/wp-json\/wp\/v2\/media\/8200"}],"wp:attachment":[{"href":"https:\/\/tagsoo.com\/de\/wp-json\/wp\/v2\/media?parent=8697"}],"wp:term":[{"taxonomy":"product_brand","embeddable":true,"href":"https:\/\/tagsoo.com\/de\/wp-json\/wp\/v2\/product_brand?post=8697"},{"taxonomy":"product_cat","embeddable":true,"href":"https:\/\/tagsoo.com\/de\/wp-json\/wp\/v2\/product_cat?post=8697"},{"taxonomy":"product_tag","embeddable":true,"href":"https:\/\/tagsoo.com\/de\/wp-json\/wp\/v2\/product_tag?post=8697"}],"curies":[{"name":"wp","href":"https:\/\/api.w.org\/{rel}","templated":true}]}}