{"id":8650,"date":"2023-10-24T10:18:11","date_gmt":"2023-10-24T03:18:11","guid":{"rendered":"https:\/\/tagsoo.com\/?post_type=product&#038;p=6976"},"modified":"2026-04-11T10:27:41","modified_gmt":"2026-04-11T10:27:41","slug":"apple-airpods-max-space-gray","status":"publish","type":"product","link":"https:\/\/tagsoo.com\/de\/produkt\/apple-airpods-max-space-gray\/","title":{"rendered":"Apple AirPods Max - Space Grau"},"content":{"rendered":"<p><span class=\"a-list-item\"><strong>KONZENTRATION AUF DAS, WAS GERADE L\u00c4UFT<\/strong> - Die aktive Ger\u00e4uschunterdr\u00fcckung blockiert Au\u00dfenger\u00e4usche, damit Sie sich ganz auf Ihre Musik konzentrieren k\u00f6nnen.<\/span><\/p>\n<p><span class=\"a-list-item\"><strong>H\u00d6RE DIE WELT UM DICH HERUM<\/strong> - Im Transparenzmodus k\u00f6nnen Sie die Welt um sich herum h\u00f6ren und mit ihr interagieren.<\/span><\/p>\n<p><span class=\"a-list-item\"><strong>PERSONALISIERTES R\u00c4UMLICHES AUDIO<\/strong> - Mit einem Klang, der sich an deine einzigartige Ohrform anpasst, und einer dynamischen Kopfst\u00fctze bieten die AirPods Max ein beeindruckendes H\u00f6rerlebnis, bei dem der Klang ganz um dich herum ist. Au\u00dferdem kannst du ausgew\u00e4hlte Songs, Sendungen und Filme in Dolby Atmos h\u00f6ren.<\/span><\/p>\n<p><span class=\"a-list-item\"><strong>MAGISCHE ERFAHRUNG<\/strong> - Koppeln Sie die AirPods Max, indem Sie sie einfach in die N\u00e4he Ihres Ger\u00e4ts bringen und auf dem Bildschirm auf \"Verbinden\" tippen. Die AirPods Max halten den Ton an, wenn du sie abnimmst. Und die automatische Umschaltung macht das H\u00f6ren zwischen iPhone, iPad und Mac v\u00f6llig m\u00fchelos.<\/span><\/p>\n<p><span class=\"a-list-item\"><strong>LANGE BATTERIELEBENSDAUER<\/strong> - Bis zu 20 Stunden H\u00f6r-, Film- oder Gespr\u00e4chszeit mit aktiver Ger\u00e4uschunterdr\u00fcckung und personalisiertem r\u00e4umlichen Audio.<\/span><\/p>","protected":false},"excerpt":{"rendered":"<p>Der von Apple entwickelte dynamische Treiber sorgt f\u00fcr High-Fidelity-Audio. Computational Audio kombiniert ma\u00dfgeschneidertes akustisches Design mit dem Apple H1 Chip und Software f\u00fcr ein bahnbrechendes H\u00f6rerlebnis.<\/p>","protected":false},"featured_media":8141,"comment_status":"open","ping_status":"closed","template":"","meta":{"_monsterinsights_skip_tracking":false,"_monsterinsights_sitenote_active":false,"_monsterinsights_sitenote_note":"","_monsterinsights_sitenote_category":0},"product_brand":[],"product_cat":[160],"product_tag":[52,73,77,80,134],"class_list":{"0":"post-8650","1":"product","2":"type-product","3":"status-publish","4":"has-post-thumbnail","6":"product_cat-gaming-headsets","7":"product_tag-tag-accessories","8":"product_tag-tag-electronic","9":"product_tag-gaming-headsets","10":"product_tag-tag-headphone","11":"product_tag-tech-accessories","12":"ts_product_brand-apple","14":"first","15":"instock","16":"sale","17":"featured","18":"shipping-taxable","19":"purchasable","20":"product-type-simple","21":"add-to-wishlist-after_add_to_cart"},"aioseo_notices":[],"_links":{"self":[{"href":"https:\/\/tagsoo.com\/de\/wp-json\/wp\/v2\/product\/8650","targetHints":{"allow":["GET"]}}],"collection":[{"href":"https:\/\/tagsoo.com\/de\/wp-json\/wp\/v2\/product"}],"about":[{"href":"https:\/\/tagsoo.com\/de\/wp-json\/wp\/v2\/types\/product"}],"replies":[{"embeddable":true,"href":"https:\/\/tagsoo.com\/de\/wp-json\/wp\/v2\/comments?post=8650"}],"version-history":[{"count":1,"href":"https:\/\/tagsoo.com\/de\/wp-json\/wp\/v2\/product\/8650\/revisions"}],"predecessor-version":[{"id":9375,"href":"https:\/\/tagsoo.com\/de\/wp-json\/wp\/v2\/product\/8650\/revisions\/9375"}],"wp:featuredmedia":[{"embeddable":true,"href":"https:\/\/tagsoo.com\/de\/wp-json\/wp\/v2\/media\/8141"}],"wp:attachment":[{"href":"https:\/\/tagsoo.com\/de\/wp-json\/wp\/v2\/media?parent=8650"}],"wp:term":[{"taxonomy":"product_brand","embeddable":true,"href":"https:\/\/tagsoo.com\/de\/wp-json\/wp\/v2\/product_brand?post=8650"},{"taxonomy":"product_cat","embeddable":true,"href":"https:\/\/tagsoo.com\/de\/wp-json\/wp\/v2\/product_cat?post=8650"},{"taxonomy":"product_tag","embeddable":true,"href":"https:\/\/tagsoo.com\/de\/wp-json\/wp\/v2\/product_tag?post=8650"}],"curies":[{"name":"wp","href":"https:\/\/api.w.org\/{rel}","templated":true}]}}