{"id":9446,"date":"2026-04-12T15:28:20","date_gmt":"2026-04-12T15:28:20","guid":{"rendered":"https:\/\/tagsoo.com\/?page_id=9446"},"modified":"2026-04-12T15:51:42","modified_gmt":"2026-04-12T15:51:42","slug":"senangpay-gateway-policy","status":"publish","type":"page","link":"https:\/\/tagsoo.com\/de\/senangpay-gateway-policy\/","title":{"rendered":"Senangpay Gateway-Politik"},"content":{"rendered":"<div data-elementor-type=\"wp-page\" data-elementor-id=\"9446\" class=\"elementor elementor-9446\" data-elementor-post-type=\"page\">\n\t\t\t\t<div class=\"elementor-element elementor-element-2471b97 e-flex e-con-boxed e-con e-parent\" data-id=\"2471b97\" data-element_type=\"container\" data-e-type=\"container\">\n\t\t\t\t\t<div class=\"e-con-inner\">\n\t\t\t\t<div class=\"elementor-element elementor-element-a125993 elementor-widget elementor-widget-text-editor\" data-id=\"a125993\" data-element_type=\"widget\" data-e-type=\"widget\" data-widget_type=\"text-editor.default\">\n\t\t\t\t\t\t\t\t\t<h6><span style=\"color: #ff0000;\">(Gilt f\u00fcr Senangpay Gateway Payment Policy)<\/span><\/h6><h6><span style=\"color: #ff0000;\">________________________________________<\/span><\/h6><h6><span style=\"color: #ff0000;\">- Indem Sie auf diese Website zugreifen, ein Konto registrieren oder eine Bestellung auf dieser Website aufgeben, erkl\u00e4ren Sie, dass Sie alle Inhalte dieser Richtlinie gelesen, verstanden und akzeptiert haben.<\/span><\/h6><h5>- Diese Politik zielt darauf ab:<\/h5><h5>Gew\u00e4hrleistung von Transparenz bei Online-Verk\u00e4ufen und -Transaktionen.<\/h5><h5>Schutz der legitimen Rechte und Interessen von FUSION SPHERE SDN. BHD.<\/h5><h5>Minimierung der Risiken, die bei Transaktionen und Versand entstehen.<\/h5><h5>- Es liegt in der Verantwortung des Kunden, regelm\u00e4\u00dfig nach Aktualisierungen zu suchen, da FUSION SPHERE SDN. BHD beh\u00e4lt sich das Recht vor, den Inhalt dieser Richtlinie jederzeit und ohne Vorank\u00fcndigung zu \u00e4ndern.<\/h5>\t\t\t\t\t\t\t\t<\/div>\n\t\t<div class=\"e-con e-atomic-element e-tabs-base\" data-id=\"2c6ece7\" data-element_type=\"e-tabs\" data-e-type=\"e-tabs\" data-interaction-id=\"2c6ece7\" data-interactions=\"null\" x-data=\"eTabs2c6ece7\" data-e-settings=\"&#x7B;&quot;default-active-tab&quot;&#x3A;&quot;2c6ece7-tab-0&quot;&#x7D;\" >\n    <div class=\"e-con e-atomic-element e-tabs-menu-base\" data-id=\"3c29950\" data-element_type=\"e-tabs-menu\" data-e-type=\"e-tabs-menu\" data-interaction-id=\"3c29950\" data-interactions=\"null\" role=\"tablist\" ><button class=\"e-con e-atomic-element e-tab-base  e--selected\" data-id=\"343b05a\" data-element_type=\"e-tab\" data-e-type=\"e-tab\" data-interaction-id=\"343b05a\" data-interactions=\"null\" role=\"tab\" tabindex=\"0\" aria-selected=\"true\" x-bind=\"tab\" x-ref=\"343b05a\" id=\"2c6ece7-tab-0\" aria-controls=\"2c6ece7-tab-content-0\" >\t\t\t\t\t\t<span class=\"e-paragraph-base\" data-interaction-id=\"40739c3\"  data-e-type=\"widget\" data-id=\"40739c3\">\n\t\t\t\t\t\t\t<a\n\t\t\t\t\t\t\t\t\t\thref=\"http:\/\/app.senangpay.my\/policy\/7141775997774911\"\n\t\t\t\t\ttarget=\"_blank\"\n\t\t\t\t\tclass=\"e-paragraph-link-base\"\n\t\t\t\t>\n\t\t\t\t\t\tAllgemeine Gesch\u00e4ftsbedingungen (senangpay payment)\n\t\t\t\t<\/a>\n\t\t\t\t\t<\/span>\n\t\t<\/button>\n<button class=\"e-con e-atomic-element e-tab-base\" data-id=\"2ea939b\" data-element_type=\"e-tab\" data-e-type=\"e-tab\" data-interaction-id=\"2ea939b\" data-interactions=\"null\" role=\"tab\" tabindex=\"-1\" aria-selected=\"false\" x-bind=\"tab\" x-ref=\"2ea939b\" id=\"2c6ece7-tab-1\" aria-controls=\"2c6ece7-tab-content-1\" >\t\t\t\t\t\t<span class=\"e-paragraph-base\" data-interaction-id=\"1adba6f\"  data-e-type=\"widget\" data-id=\"1adba6f\">\n\t\t\t\t\t\t\t<a\n\t\t\t\t\t\t\t\t\t\thref=\"http:\/\/app.senangpay.my\/policy\/7141775997774912\"\n\t\t\t\t\ttarget=\"_blank\"\n\t\t\t\t\tclass=\"e-paragraph-link-base\"\n\t\t\t\t>\n\t\t\t\t\t\tDatenschutzerkl\u00e4rung (senangpay payment)\n\t\t\t\t<\/a>\n\t\t\t\t\t<\/span>\n\t\t<\/button>\n<button class=\"e-con e-atomic-element e-tab-base\" data-id=\"8fea3a5\" data-element_type=\"e-tab\" data-e-type=\"e-tab\" data-interaction-id=\"8fea3a5\" data-interactions=\"null\" role=\"tab\" tabindex=\"-1\" aria-selected=\"false\" x-bind=\"tab\" x-ref=\"8fea3a5\" id=\"2c6ece7-tab-2\" aria-controls=\"2c6ece7-tab-content-2\" >\t\t\t\t\t\t<span class=\"e-paragraph-base\" data-interaction-id=\"6fd8a6e\"  data-e-type=\"widget\" data-id=\"6fd8a6e\">\n\t\t\t\t\t\t\t<a\n\t\t\t\t\t\t\t\t\t\thref=\"http:\/\/app.senangpay.my\/policy\/7141775997774914\"\n\t\t\t\t\ttarget=\"_blank\"\n\t\t\t\t\tclass=\"e-paragraph-link-base\"\n\t\t\t\t>\n\t\t\t\t\t\tSTORNIERUNGS- UND ERSTATTUNGSPOLITIK (senangpay-Zahlung)\n\t\t\t\t<\/a>\n\t\t\t\t\t<\/span>\n\t\t<\/button>\n<button class=\"e-con e-atomic-element e-tab-base\" data-id=\"6f56906\" data-element_type=\"e-tab\" data-e-type=\"e-tab\" data-interaction-id=\"6f56906\" data-interactions=\"null\" role=\"tab\" tabindex=\"-1\" aria-selected=\"false\" x-bind=\"tab\" x-ref=\"6f56906\" id=\"2c6ece7-tab-3\" aria-controls=\"2c6ece7-tab-content-3\" >\t\t\t\t\t\t<span class=\"e-paragraph-base\" data-interaction-id=\"b49ab03\"  data-e-type=\"widget\" data-id=\"b49ab03\">\n\t\t\t\t\t\t\t<a\n\t\t\t\t\t\t\t\t\t\thref=\"http:\/\/app.senangpay.my\/policy\/7141775997774915\"\n\t\t\t\t\ttarget=\"_blank\"\n\t\t\t\t\tclass=\"e-paragraph-link-base\"\n\t\t\t\t>\n\t\t\t\t\t\tVersandpolitik (senangpay Zahlung)\n\t\t\t\t<\/a>\n\t\t\t\t\t<\/span>\n\t\t<\/button>\n<\/div>\n<div class=\"e-con e-atomic-element e-tabs-content-area-base\" data-id=\"01599cb\" data-element_type=\"e-tabs-content-area\" data-e-type=\"e-tabs-content-area\" data-interaction-id=\"01599cb\" data-interactions=\"null\" ><div class=\"e-con e-atomic-element e-tab-content-base  e--selected\" data-id=\"6015141\" data-element_type=\"e-tab-content\" data-e-type=\"e-tab-content\" data-interaction-id=\"6015141\" data-interactions=\"null\" role=\"tabpanel\" x-bind=\"tabContent\" id=\"2c6ece7-tab-content-0\" aria-labelledby=\"2c6ece7-tab-0\" ><\/div>\n<div class=\"e-con e-atomic-element e-tab-content-base\" data-id=\"7b2c8a4\" data-element_type=\"e-tab-content\" data-e-type=\"e-tab-content\" data-interaction-id=\"7b2c8a4\" data-interactions=\"null\" role=\"tabpanel\" x-bind=\"tabContent\" id=\"2c6ece7-tab-content-1\" aria-labelledby=\"2c6ece7-tab-1\" hidden=\"true\" style=\"display: none;\" ><\/div>\n<div class=\"e-con e-atomic-element e-tab-content-base\" data-id=\"a79880f\" data-element_type=\"e-tab-content\" data-e-type=\"e-tab-content\" data-interaction-id=\"a79880f\" data-interactions=\"null\" role=\"tabpanel\" x-bind=\"tabContent\" id=\"2c6ece7-tab-content-2\" aria-labelledby=\"2c6ece7-tab-2\" hidden=\"true\" style=\"display: none;\" ><\/div>\n<div class=\"e-con e-atomic-element e-tab-content-base\" data-id=\"e0b5afd\" data-element_type=\"e-tab-content\" data-e-type=\"e-tab-content\" data-interaction-id=\"e0b5afd\" data-interactions=\"null\" role=\"tabpanel\" x-bind=\"tabContent\" id=\"2c6ece7-tab-content-3\" aria-labelledby=\"2c6ece7-tab-3\" hidden=\"true\" style=\"display: none;\" ><\/div>\n<\/div>\n\n<\/div>\n\t\t\n\t\t\t<\/div>\n\t\t\t\t<\/div>\n\t\t\t\t<\/div>","protected":false},"excerpt":{"rendered":"<p>(Applicable to Senangpay Gateway Payment Policy) ________________________________________ \u2022 By accessing this website, registering an account, or placing an order on this website, you indicate that you have read, understood, and accepted all contents of this policy. \u2022 This policy aims to: Ensure transparency in online sales and transactions. Protect the legitimate rights and interests of [&hellip;]<\/p>\n","protected":false},"author":1,"featured_media":0,"parent":0,"menu_order":0,"comment_status":"closed","ping_status":"closed","template":"","meta":{"_monsterinsights_skip_tracking":false,"_monsterinsights_sitenote_active":false,"_monsterinsights_sitenote_note":"","_monsterinsights_sitenote_category":0,"footnotes":""},"class_list":["post-9446","page","type-page","status-publish","hentry"],"aioseo_notices":[],"_hostinger_reach_plugin_has_subscription_block":false,"_hostinger_reach_plugin_is_elementor":false,"_links":{"self":[{"href":"https:\/\/tagsoo.com\/de\/wp-json\/wp\/v2\/pages\/9446","targetHints":{"allow":["GET"]}}],"collection":[{"href":"https:\/\/tagsoo.com\/de\/wp-json\/wp\/v2\/pages"}],"about":[{"href":"https:\/\/tagsoo.com\/de\/wp-json\/wp\/v2\/types\/page"}],"author":[{"embeddable":true,"href":"https:\/\/tagsoo.com\/de\/wp-json\/wp\/v2\/users\/1"}],"replies":[{"embeddable":true,"href":"https:\/\/tagsoo.com\/de\/wp-json\/wp\/v2\/comments?post=9446"}],"version-history":[{"count":4,"href":"https:\/\/tagsoo.com\/de\/wp-json\/wp\/v2\/pages\/9446\/revisions"}],"predecessor-version":[{"id":9450,"href":"https:\/\/tagsoo.com\/de\/wp-json\/wp\/v2\/pages\/9446\/revisions\/9450"}],"wp:attachment":[{"href":"https:\/\/tagsoo.com\/de\/wp-json\/wp\/v2\/media?parent=9446"}],"curies":[{"name":"wp","href":"https:\/\/api.w.org\/{rel}","templated":true}]}}