{"id":8573,"date":"2023-12-21T08:45:36","date_gmt":"2023-12-21T01:45:36","guid":{"rendered":"https:\/\/tagsoo.com\/?page_id=7195"},"modified":"2026-04-03T16:43:29","modified_gmt":"2026-04-03T16:43:29","slug":"about-3","status":"publish","type":"page","link":"https:\/\/tagsoo.com\/de\/about-3\/","title":{"rendered":"\u00dcber"},"content":{"rendered":"<div data-elementor-type=\"wp-page\" data-elementor-id=\"8573\" class=\"elementor elementor-8573\" data-elementor-post-type=\"page\">\n\t\t\t\t<div class=\"elementor-element elementor-element-44b1f25 e-flex e-con-boxed e-con e-parent\" data-id=\"44b1f25\" data-element_type=\"container\" data-e-type=\"container\">\n\t\t\t\t\t<div class=\"e-con-inner\">\n\t\t<div class=\"elementor-element elementor-element-b6d1572 e-flex e-con-boxed e-con e-child\" data-id=\"b6d1572\" data-element_type=\"container\" data-e-type=\"container\" data-settings=\"{&quot;background_background&quot;:&quot;classic&quot;}\">\n\t\t\t\t\t<div class=\"e-con-inner\">\n\t\t\t\t<div class=\"elementor-element elementor-element-946adef elementor-widget__width-inherit elementor-widget elementor-widget-text-editor\" data-id=\"946adef\" data-element_type=\"widget\" data-e-type=\"widget\" data-widget_type=\"text-editor.default\">\n\t\t\t\t\t\t\t\t\t<p>FUSION SPHERE SDN. BHD<\/p>\t\t\t\t\t\t\t\t<\/div>\n\t\t\t\t<div class=\"elementor-element elementor-element-710644f elementor-widget__width-inherit elementor-widget elementor-widget-heading\" data-id=\"710644f\" data-element_type=\"widget\" data-e-type=\"widget\" data-widget_type=\"heading.default\">\n\t\t\t\t\t<h2 class=\"elementor-heading-title elementor-size-default\">Lassen Sie jeden die Freude an der Technik erleben.<\/h2>\t\t\t\t<\/div>\n\t\t\t\t<div class=\"elementor-element elementor-element-14dddad elementor-widget elementor-widget-counter\" data-id=\"14dddad\" data-element_type=\"widget\" data-e-type=\"widget\" data-widget_type=\"counter.default\">\n\t\t\t\t\t\t\t<div class=\"elementor-counter\">\n\t\t\t<div class=\"elementor-counter-title\">Zufriedene Kunden<\/div>\t\t\t<div class=\"elementor-counter-number-wrapper\">\n\t\t\t\t<span class=\"elementor-counter-number-prefix\"><\/span>\n\t\t\t\t<span class=\"elementor-counter-number\" data-duration=\"600\" data-to-value=\"6\" data-from-value=\"0\" data-delimiter=\",\">0<\/span>\n\t\t\t\t<span class=\"elementor-counter-number-suffix\">M+<\/span>\n\t\t\t<\/div>\n\t\t<\/div>\n\t\t\t\t\t\t<\/div>\n\t\t\t\t<div class=\"elementor-element elementor-element-36281c9 elementor-widget elementor-widget-counter\" data-id=\"36281c9\" data-element_type=\"widget\" data-e-type=\"widget\" data-widget_type=\"counter.default\">\n\t\t\t\t\t\t\t<div class=\"elementor-counter\">\n\t\t\t<div class=\"elementor-counter-title\">Gro\u00dfartige Produkte<\/div>\t\t\t<div class=\"elementor-counter-number-wrapper\">\n\t\t\t\t<span class=\"elementor-counter-number-prefix\"><\/span>\n\t\t\t\t<span class=\"elementor-counter-number\" data-duration=\"800\" data-to-value=\"8\" data-from-value=\"0\" data-delimiter=\",\">0<\/span>\n\t\t\t\t<span class=\"elementor-counter-number-suffix\">M+<\/span>\n\t\t\t<\/div>\n\t\t<\/div>\n\t\t\t\t\t\t<\/div>\n\t\t\t\t\t<\/div>\n\t\t\t\t<\/div>\n\t\t\t\t\t<\/div>\n\t\t\t\t<\/div>\n\t\t<div class=\"elementor-element elementor-element-387a182 e-flex e-con-boxed e-con e-parent\" data-id=\"387a182\" data-element_type=\"container\" data-e-type=\"container\">\n\t\t\t\t\t<div class=\"e-con-inner\">\n\t\t\t\t<div class=\"elementor-element elementor-element-6ea8f60 elementor-widget elementor-widget-heading\" data-id=\"6ea8f60\" data-element_type=\"widget\" data-e-type=\"widget\" data-widget_type=\"heading.default\">\n\t\t\t\t\t<h2 class=\"elementor-heading-title elementor-size-default\">Online FUSION SPHERE<\/h2>\t\t\t\t<\/div>\n\t\t\t\t<div class=\"elementor-element elementor-element-b7df097 elementor-widget elementor-widget-text-editor\" data-id=\"b7df097\" data-element_type=\"widget\" data-e-type=\"widget\" data-widget_type=\"text-editor.default\">\n\t\t\t\t\t\t\t\t\t<h6><span style=\"color: #ff0000;\"><strong>FUSION SPHERE SDN. BHD<\/strong><\/span>. befindet sich in der malerischen Stadt Kuala Lumpur, Malaysia. Unsere Gr\u00fcndungsmission ist es, \u201cjedem die Freude an der Technologie zu erm\u00f6glichen\u201d. Wir bieten eine breite Palette elektronischer Produkte - darunter Mobiltelefone, Computer, Kameras und Drohnen - sowie diverses Zubeh\u00f6r. Dar\u00fcber hinaus beschaffen wir eine Vielzahl von Markenprodukten direkt von den Herstellern zu Vorzugspreisen und geben die daraus resultierenden Kosteneinsparungen an unsere gesch\u00e4tzten Kunden weiter.<\/h6><h6>Unser Einzelhandelsgesch\u00e4ft soll im Jahr 2026 im Stadtteil Sri Hartamas in Kuala Lumpur, Malaysia, er\u00f6ffnet werden. Zus\u00e4tzlich zu unseren Einzelhandelsgesch\u00e4ften unterhalten wir spezielle Lagereinrichtungen, die f\u00fcr die Lagerung, Kommissionierung, Verpackung und den Versand der Produkte zust\u00e4ndig sind. Derzeit sind wir neben unseren Initiativen im station\u00e4ren Handel auch aktiv im Online-Verkauf \u00fcber unsere eigene Website, \u201c<span style=\"color: #ff0000;\">FUSIONSBEREICH\u201d (https:\/\/tagsoo.com).<\/span><\/h6><h6>Unser Lager ist strategisch g\u00fcnstig gelegen, weniger als eine Autostunde von den Hauptverkehrsadern entfernt, was die Lieferzeiten erheblich verk\u00fcrzt. Die \u00fcberwiegende Mehrheit der Bestellungen wird innerhalb von 48 Stunden versandt, wobei Liefermethoden wie Postdienste, UPS-Expressversand oder - bei gr\u00f6\u00dferen Artikeln - spezialisierte lokale Kurierdienste innerhalb Malaysias genutzt werden.<\/h6>\t\t\t\t\t\t\t\t<\/div>\n\t\t\t\t\t<\/div>\n\t\t\t\t<\/div>\n\t\t<div class=\"elementor-element elementor-element-a0b0672 e-flex e-con-boxed e-con e-parent\" data-id=\"a0b0672\" data-element_type=\"container\" data-e-type=\"container\" data-settings=\"{&quot;background_background&quot;:&quot;classic&quot;}\">\n\t\t\t\t\t<div class=\"e-con-inner\">\n\t\t\t\t<div class=\"elementor-element elementor-element-9e227fb elementor-widget elementor-widget-heading\" data-id=\"9e227fb\" data-element_type=\"widget\" data-e-type=\"widget\" data-widget_type=\"heading.default\">\n\t\t\t\t\t<h3 class=\"elementor-heading-title elementor-size-default\">Unser Team<\/h3>\t\t\t\t<\/div>\n\t\t\t\t<div class=\"elementor-element elementor-element-4171ccb elementor-widget-divider--view-line elementor-widget elementor-widget-divider\" data-id=\"4171ccb\" data-element_type=\"widget\" data-e-type=\"widget\" data-widget_type=\"divider.default\">\n\t\t\t\t\t\t\t<div class=\"elementor-divider\">\n\t\t\t<span class=\"elementor-divider-separator\">\n\t\t\t\t\t\t<\/span>\n\t\t<\/div>\n\t\t\t\t\t\t<\/div>\n\t\t\t\t<div class=\"elementor-element elementor-element-3db55b0 elementor-widget elementor-widget-ts-team-members\" data-id=\"3db55b0\" data-element_type=\"widget\" data-e-type=\"widget\" data-widget_type=\"ts-team-members.default\">\n\t\t\t\t<div class=\"elementor-widget-container\">\n\t\t\t\t\t\t\t\t<div class=\"ts-team-members ts-shortcode columns-4\"  style=\"--ts-columns: 4\">\n\t\t\t\t<div class=\"items\">\n\t\t\t\t\t\t\t<div class=\"item has-thumbnail\">\n\t\t\t\t\t<div class=\"team-content\">\n\t\t\t\t\t\t<div class=\"image-thumbnail\">\n\t\t\t\t\t\t\t\t\t\t\t\t\t\t<figure>\n\t\t\t\t\t\t\t\t<a href=\"#\" target=\"_blank\">\n\t\t\t\t\t\t\t\t<img fetchpriority=\"high\" decoding=\"async\" width=\"330\" height=\"360\" src=\"https:\/\/tagsoo.com\/wp-content\/uploads\/2021\/04\/team-1-1.jpg\" class=\"attachment-ts_team_thumb size-ts_team_thumb wp-post-image\" alt=\"team-1\" \/>\t\t\t\t\t\t\t\t<\/a>\n\t\t\t\t\t\t\t<\/figure>\n\t\t\t\t\t\t\t\t\t\t\t\t\t<\/div>\n\t\t\t\t\t\t\n\t\t\t\t\t\t<header class=\"team-info\">\n\t\t\t\t\t\t\t<h3 class=\"name\"><a href=\"#\" target=\"_blank\">John Hossain<\/a><\/h3>\n\t\t\t\t\t\t\t<span class=\"member-role\">CEO &amp; Gr\u00fcnder<\/span>\n\t\t\t\t\t\t\t\t\t\t\t\t\t\t<span class=\"member-social\"><a class=\"facebook\" href=\"#\" target=\"_blank\"><i class=\"tb-icon-brand-facebook\"><\/i><\/a><a class=\"twitter\" href=\"#\" target=\"_blank\"><i class=\"tb-icon-brand-twitter\"><\/i><\/a><a class=\"instagram\" href=\"#\" target=\"_blank\"><i class=\"tb-icon-brand-instagram\"><\/i><\/a><a class=\"pinterest\" href=\"#\" target=\"_blank\"><i class=\"tb-icon-brand-pinterest\"><\/i><\/a><\/span>\n\t\t\t\t\t\t\t\t\t\t\t\t\t<\/header>\n\t\t\t\t\t<\/div>\n\t\t\t\t<\/div>\n\t\t\t\t\t\t\t\t<div class=\"item\">\n\t\t\t\t\t<div class=\"team-content\">\n\t\t\t\t\t\t<div class=\"image-thumbnail\">\n\t\t\t\t\t\t\t\t\t\t\t\t\t<\/div>\n\t\t\t\t\t\t\n\t\t\t\t\t\t<header class=\"team-info\">\n\t\t\t\t\t\t\t<h3 class=\"name\"><a href=\"#\" target=\"_blank\">John Hossain<\/a><\/h3>\n\t\t\t\t\t\t\t<span class=\"member-role\">CEO &amp; Gr\u00fcnder<\/span>\n\t\t\t\t\t\t\t\t\t\t\t\t\t\t<span class=\"member-social\"><a class=\"facebook\" href=\"#\" target=\"_blank\"><i class=\"tb-icon-brand-facebook\"><\/i><\/a><a class=\"twitter\" href=\"#\" target=\"_blank\"><i class=\"tb-icon-brand-twitter\"><\/i><\/a><a class=\"instagram\" href=\"#\" target=\"_blank\"><i class=\"tb-icon-brand-instagram\"><\/i><\/a><a class=\"pinterest\" href=\"#\" target=\"_blank\"><i class=\"tb-icon-brand-pinterest\"><\/i><\/a><\/span>\n\t\t\t\t\t\t\t\t\t\t\t\t\t<\/header>\n\t\t\t\t\t<\/div>\n\t\t\t\t<\/div>\n\t\t\t\t\t\t\t\t<div class=\"item has-thumbnail\">\n\t\t\t\t\t<div class=\"team-content\">\n\t\t\t\t\t\t<div class=\"image-thumbnail\">\n\t\t\t\t\t\t\t\t\t\t\t\t\t\t<figure>\n\t\t\t\t\t\t\t\t<a href=\"#\" target=\"_blank\">\n\t\t\t\t\t\t\t\t<img decoding=\"async\" width=\"330\" height=\"360\" src=\"https:\/\/tagsoo.com\/wp-content\/uploads\/2021\/04\/team-2-1.jpg\" class=\"attachment-ts_team_thumb size-ts_team_thumb wp-post-image\" alt=\"team-2\" \/>\t\t\t\t\t\t\t\t<\/a>\n\t\t\t\t\t\t\t<\/figure>\n\t\t\t\t\t\t\t\t\t\t\t\t\t<\/div>\n\t\t\t\t\t\t\n\t\t\t\t\t\t<header class=\"team-info\">\n\t\t\t\t\t\t\t<h3 class=\"name\"><a href=\"#\" target=\"_blank\">Jane Cooper<\/a><\/h3>\n\t\t\t\t\t\t\t<span class=\"member-role\">Marktentwicklung<\/span>\n\t\t\t\t\t\t\t\t\t\t\t\t\t\t<span class=\"member-social\"><a class=\"facebook\" href=\"#\" target=\"_blank\"><i class=\"tb-icon-brand-facebook\"><\/i><\/a><a class=\"twitter\" href=\"#\" target=\"_blank\"><i class=\"tb-icon-brand-twitter\"><\/i><\/a><a class=\"instagram\" href=\"#\" target=\"_blank\"><i class=\"tb-icon-brand-instagram\"><\/i><\/a><a class=\"pinterest\" href=\"#\" target=\"_blank\"><i class=\"tb-icon-brand-pinterest\"><\/i><\/a><\/span>\n\t\t\t\t\t\t\t\t\t\t\t\t\t<\/header>\n\t\t\t\t\t<\/div>\n\t\t\t\t<\/div>\n\t\t\t\t\t\t\t\t<div class=\"item\">\n\t\t\t\t\t<div class=\"team-content\">\n\t\t\t\t\t\t<div class=\"image-thumbnail\">\n\t\t\t\t\t\t\t\t\t\t\t\t\t<\/div>\n\t\t\t\t\t\t\n\t\t\t\t\t\t<header class=\"team-info\">\n\t\t\t\t\t\t\t<h3 class=\"name\"><a href=\"#\" target=\"_blank\">Jane Cooper<\/a><\/h3>\n\t\t\t\t\t\t\t<span class=\"member-role\">Marktentwicklung<\/span>\n\t\t\t\t\t\t\t\t\t\t\t\t\t\t<span class=\"member-social\"><a class=\"facebook\" href=\"#\" target=\"_blank\"><i class=\"tb-icon-brand-facebook\"><\/i><\/a><a class=\"twitter\" href=\"#\" target=\"_blank\"><i class=\"tb-icon-brand-twitter\"><\/i><\/a><a class=\"instagram\" href=\"#\" target=\"_blank\"><i class=\"tb-icon-brand-instagram\"><\/i><\/a><a class=\"pinterest\" href=\"#\" target=\"_blank\"><i class=\"tb-icon-brand-pinterest\"><\/i><\/a><\/span>\n\t\t\t\t\t\t\t\t\t\t\t\t\t<\/header>\n\t\t\t\t\t<\/div>\n\t\t\t\t<\/div>\n\t\t\t\t\t\t\t\t<\/div>\n\t\t\t<\/div>\n\t\t\t\t\t\t\t<\/div>\n\t\t\t\t<\/div>\n\t\t\t\t\t<\/div>\n\t\t\t\t<\/div>\n\t\t<div class=\"elementor-element elementor-element-214a120 e-flex e-con-boxed e-con e-parent\" data-id=\"214a120\" data-element_type=\"container\" data-e-type=\"container\">\n\t\t\t\t\t<div class=\"e-con-inner\">\n\t\t<div class=\"elementor-element elementor-element-f05eb0f e-con-full e-flex e-con e-child\" data-id=\"f05eb0f\" data-element_type=\"container\" data-e-type=\"container\">\n\t\t\t\t<div class=\"elementor-element elementor-element-e458b22 elementor-widget elementor-widget-text-editor\" data-id=\"e458b22\" data-element_type=\"widget\" data-e-type=\"widget\" data-widget_type=\"text-editor.default\">\n\t\t\t\t\t\t\t\t\t<p>Unsere Leistung<\/p>\t\t\t\t\t\t\t\t<\/div>\n\t\t\t\t<div class=\"elementor-element elementor-element-1aee084 elementor-widget__width-initial elementor-widget elementor-widget-heading\" data-id=\"1aee084\" data-element_type=\"widget\" data-e-type=\"widget\" data-widget_type=\"heading.default\">\n\t\t\t\t\t<h3 class=\"elementor-heading-title elementor-size-default\">Die Technologie dient allen.<\/h3>\t\t\t\t<\/div>\n\t\t\t\t<div class=\"elementor-element elementor-element-deab882 elementor-widget__width-initial elementor-widget elementor-widget-text-editor\" data-id=\"deab882\" data-element_type=\"widget\" data-e-type=\"widget\" data-widget_type=\"text-editor.default\">\n\t\t\t\t\t\t\t\t\t<h6>Technologie ist nicht dazu da, abseits zu stehen, sondern sie dient allen. Gro\u00dfartige Produkte und exzellente Unternehmen bringen Gewinne ein, aber gro\u00dfartige Unternehmen gewinnen Herzen - das ist unsere \u00dcberzeugung.<\/h6>\t\t\t\t\t\t\t\t<\/div>\n\t\t\t\t<\/div>\n\t\t<div class=\"elementor-element elementor-element-f67b764 e-con-full e-flex e-con e-child\" data-id=\"f67b764\" data-element_type=\"container\" data-e-type=\"container\">\n\t\t\t\t<div class=\"elementor-element elementor-element-294e6cb elementor-widget elementor-widget-image\" data-id=\"294e6cb\" data-element_type=\"widget\" data-e-type=\"widget\" data-widget_type=\"image.default\">\n\t\t\t\t\t\t\t\t\t\t\t\t\t\t\t<img decoding=\"async\" width=\"720\" height=\"460\" src=\"https:\/\/tagsoo.com\/wp-content\/uploads\/2024\/01\/about-2.jpg\" class=\"attachment-full size-full wp-image-7358\" alt=\"about-2\" \/>\t\t\t\t\t\t\t\t\t\t\t\t\t\t\t<\/div>\n\t\t\t\t<\/div>\n\t\t\t\t\t<\/div>\n\t\t\t\t<\/div>\n\t\t<div class=\"elementor-element elementor-element-dc1974b e-flex e-con-boxed e-con e-parent\" data-id=\"dc1974b\" data-element_type=\"container\" data-e-type=\"container\">\n\t\t\t\t\t<div class=\"e-con-inner\">\n\t\t<div class=\"elementor-element elementor-element-cb8ae00 e-flex e-con-boxed e-con e-child\" data-id=\"cb8ae00\" data-element_type=\"container\" data-e-type=\"container\" data-settings=\"{&quot;background_background&quot;:&quot;classic&quot;}\">\n\t\t\t\t\t<div class=\"e-con-inner\">\n\t\t\t\t<div class=\"elementor-element elementor-element-09e3ab6 elementor-widget elementor-widget-ts-testimonial\" data-id=\"09e3ab6\" data-element_type=\"widget\" data-e-type=\"widget\" data-widget_type=\"ts-testimonial.default\">\n\t\t\t\t<div class=\"elementor-widget-container\">\n\t\t\t\t\t\t\t\t<div class=\"ts-elementor-lazy-load type-testimonial\">\n\t\t\t\t\t\t\t\n\t\t\t\t<div class=\"placeholder-items columns-1 is-slider rows-1\" style=\"--lazy-cols: 1\">\n\t\t\t\t\t\t\t\t\t<div class=\"placeholder-item\">\n\t\t\t\t\t\t<div class=\"placeholder-thumb\"><\/div>\n\t\t\t\t\t\t\t\t\t\t\t\t\t<div class=\"placeholder-title\"><\/div>\n\t\t\t\t\t\t\t\t\t\t\t\t\t\t\t<div class=\"placeholder-subtitle\"><\/div>\n\t\t\t\t\t\t\t\t\t\t\t\t\t\t\t\t\t\t<\/div>\n\t\t\t\t\t\t\t\t<\/div>\n\t\t\t\t\n\t\t\t\t\t\t\t<\/div>\n\t\t\t\t\t\t\t<\/div>\n\t\t\t\t<\/div>\n\t\t\t\t\t<\/div>\n\t\t\t\t<\/div>\n\t\t\t\t\t<\/div>\n\t\t\t\t<\/div>\n\t\t<div class=\"elementor-element elementor-element-6b57dafa e-flex e-con-boxed e-con e-parent\" data-id=\"6b57dafa\" data-element_type=\"container\" data-e-type=\"container\" data-settings=\"{&quot;background_background&quot;:&quot;classic&quot;}\">\n\t\t\t\t\t<div class=\"e-con-inner\">\n\t\t<div class=\"elementor-element elementor-element-4ff8b799 e-con-full e-flex e-con e-child\" data-id=\"4ff8b799\" data-element_type=\"container\" data-e-type=\"container\">\n\t\t\t\t<div class=\"elementor-element elementor-element-6c9da55 elementor-position-inline-start elementor-view-default elementor-mobile-position-block-start elementor-widget elementor-widget-icon-box\" data-id=\"6c9da55\" data-element_type=\"widget\" data-e-type=\"widget\" data-widget_type=\"icon-box.default\">\n\t\t\t\t\t\t\t<div class=\"elementor-icon-box-wrapper\">\n\n\t\t\t\t\t\t<div class=\"elementor-icon-box-icon\">\n\t\t\t\t<span  class=\"elementor-icon\">\n\t\t\t\t<i aria-hidden=\"true\" class=\"tb-icon tb-icon-truck-delivery\"><\/i>\t\t\t\t<\/span>\n\t\t\t<\/div>\n\t\t\t\n\t\t\t\t\t\t<div class=\"elementor-icon-box-content\">\n\n\t\t\t\t\t\t\t\t\t<h3 class=\"elementor-icon-box-title\">\n\t\t\t\t\t\t<span  >\n\t\t\t\t\t\t\tKostenlose Lieferung\t\t\t\t\t\t<\/span>\n\t\t\t\t\t<\/h3>\n\t\t\t\t\n\t\t\t\t\t\t\t\t\t<p class=\"elementor-icon-box-description\">\n\t\t\t\t\t\tKostenloser Versand f\u00fcr alle Bestellungen\t\t\t\t\t<\/p>\n\t\t\t\t\n\t\t\t<\/div>\n\t\t\t\n\t\t<\/div>\n\t\t\t\t\t\t<\/div>\n\t\t\t\t<\/div>\n\t\t<div class=\"elementor-element elementor-element-5aa82647 e-con-full e-flex e-con e-child\" data-id=\"5aa82647\" data-element_type=\"container\" data-e-type=\"container\">\n\t\t\t\t<div class=\"elementor-element elementor-element-10d1cdbb elementor-position-inline-start elementor-view-default elementor-mobile-position-block-start elementor-widget elementor-widget-icon-box\" data-id=\"10d1cdbb\" data-element_type=\"widget\" data-e-type=\"widget\" data-widget_type=\"icon-box.default\">\n\t\t\t\t\t\t\t<div class=\"elementor-icon-box-wrapper\">\n\n\t\t\t\t\t\t<div class=\"elementor-icon-box-icon\">\n\t\t\t\t<span  class=\"elementor-icon\">\n\t\t\t\t<i aria-hidden=\"true\" class=\"tb-icon tb-icon-coin\"><\/i>\t\t\t\t<\/span>\n\t\t\t<\/div>\n\t\t\t\n\t\t\t\t\t\t<div class=\"elementor-icon-box-content\">\n\n\t\t\t\t\t\t\t\t\t<h3 class=\"elementor-icon-box-title\">\n\t\t\t\t\t\t<span  >\n\t\t\t\t\t\t\tR\u00fcckgabe\t\t\t\t\t\t<\/span>\n\t\t\t\t\t<\/h3>\n\t\t\t\t\n\t\t\t\t\t\t\t\t\t<p class=\"elementor-icon-box-description\">\n\t\t\t\t\t\tUnser effizienter After-Sales-Prozess garantiert Ihnen ein sorgenfreies Einkaufserlebnis - ohne jegliches Risiko.\t\t\t\t\t<\/p>\n\t\t\t\t\n\t\t\t<\/div>\n\t\t\t\n\t\t<\/div>\n\t\t\t\t\t\t<\/div>\n\t\t\t\t<\/div>\n\t\t<div class=\"elementor-element elementor-element-4d5d3ed5 e-con-full e-flex e-con e-child\" data-id=\"4d5d3ed5\" data-element_type=\"container\" data-e-type=\"container\">\n\t\t\t\t<div class=\"elementor-element elementor-element-42ac1d44 elementor-position-inline-start elementor-view-default elementor-mobile-position-block-start elementor-widget elementor-widget-icon-box\" data-id=\"42ac1d44\" data-element_type=\"widget\" data-e-type=\"widget\" data-widget_type=\"icon-box.default\">\n\t\t\t\t\t\t\t<div class=\"elementor-icon-box-wrapper\">\n\n\t\t\t\t\t\t<div class=\"elementor-icon-box-icon\">\n\t\t\t\t<span  class=\"elementor-icon\">\n\t\t\t\t<i aria-hidden=\"true\" class=\"tb-icon tb-icon-headset\"><\/i>\t\t\t\t<\/span>\n\t\t\t<\/div>\n\t\t\t\n\t\t\t\t\t\t<div class=\"elementor-icon-box-content\">\n\n\t\t\t\t\t\t\t\t\t<h3 class=\"elementor-icon-box-title\">\n\t\t\t\t\t\t<span  >\n\t\t\t\t\t\t\tUnterst\u00fctzung 24\/7\t\t\t\t\t\t<\/span>\n\t\t\t\t\t<\/h3>\n\t\t\t\t\n\t\t\t\t\t\t\t\t\t<p class=\"elementor-icon-box-description\">\n\t\t\t\t\t\tOnline-Support 24 Stunden am Tag\t\t\t\t\t<\/p>\n\t\t\t\t\n\t\t\t<\/div>\n\t\t\t\n\t\t<\/div>\n\t\t\t\t\t\t<\/div>\n\t\t\t\t<\/div>\n\t\t<div class=\"elementor-element elementor-element-3d4810fd e-con-full e-flex e-con e-child\" data-id=\"3d4810fd\" data-element_type=\"container\" data-e-type=\"container\">\n\t\t\t\t<div class=\"elementor-element elementor-element-2228a42c elementor-position-inline-start elementor-view-default elementor-mobile-position-block-start elementor-widget elementor-widget-icon-box\" data-id=\"2228a42c\" data-element_type=\"widget\" data-e-type=\"widget\" data-widget_type=\"icon-box.default\">\n\t\t\t\t\t\t\t<div class=\"elementor-icon-box-wrapper\">\n\n\t\t\t\t\t\t<div class=\"elementor-icon-box-icon\">\n\t\t\t\t<span  class=\"elementor-icon\">\n\t\t\t\t<i aria-hidden=\"true\" class=\"tb-icon tb-icon-credit-card\"><\/i>\t\t\t\t<\/span>\n\t\t\t<\/div>\n\t\t\t\n\t\t\t\t\t\t<div class=\"elementor-icon-box-content\">\n\n\t\t\t\t\t\t\t\t\t<h3 class=\"elementor-icon-box-title\">\n\t\t\t\t\t\t<span  >\n\t\t\t\t\t\t\tZahlungen\t\t\t\t\t\t<\/span>\n\t\t\t\t\t<\/h3>\n\t\t\t\t\n\t\t\t\t\t\t\t\t\t<p class=\"elementor-icon-box-description\">\n\t\t\t\t\t\t100% Zahlungssicherheit\t\t\t\t\t<\/p>\n\t\t\t\t\n\t\t\t<\/div>\n\t\t\t\n\t\t<\/div>\n\t\t\t\t\t\t<\/div>\n\t\t\t\t<\/div>\n\t\t\t\t\t<\/div>\n\t\t\t\t<\/div>\n\t\t\t\t<\/div>","protected":false},"excerpt":{"rendered":"<p>FUSION SPHERE SDN. BHD Let everyone experience the joy of technology. Happy Clients 0 M+ Great Products 0 M+ Online FUSION SPHERE FUSION SPHERE SDN. BHD. is situated in the picturesque city of Kuala Lumpur, Malaysia. Our founding mission is to &#8220;enable everyone to experience the joy that technology brings.&#8221; We offer a wide range [&hellip;]<\/p>\n","protected":false},"author":1,"featured_media":0,"parent":0,"menu_order":0,"comment_status":"closed","ping_status":"closed","template":"","meta":{"_monsterinsights_skip_tracking":false,"_monsterinsights_sitenote_active":false,"_monsterinsights_sitenote_note":"","_monsterinsights_sitenote_category":0,"footnotes":""},"class_list":["post-8573","page","type-page","status-publish","hentry"],"aioseo_notices":[],"_hostinger_reach_plugin_has_subscription_block":false,"_hostinger_reach_plugin_is_elementor":false,"_links":{"self":[{"href":"https:\/\/tagsoo.com\/de\/wp-json\/wp\/v2\/pages\/8573","targetHints":{"allow":["GET"]}}],"collection":[{"href":"https:\/\/tagsoo.com\/de\/wp-json\/wp\/v2\/pages"}],"about":[{"href":"https:\/\/tagsoo.com\/de\/wp-json\/wp\/v2\/types\/page"}],"author":[{"embeddable":true,"href":"https:\/\/tagsoo.com\/de\/wp-json\/wp\/v2\/users\/1"}],"replies":[{"embeddable":true,"href":"https:\/\/tagsoo.com\/de\/wp-json\/wp\/v2\/comments?post=8573"}],"version-history":[{"count":4,"href":"https:\/\/tagsoo.com\/de\/wp-json\/wp\/v2\/pages\/8573\/revisions"}],"predecessor-version":[{"id":9089,"href":"https:\/\/tagsoo.com\/de\/wp-json\/wp\/v2\/pages\/8573\/revisions\/9089"}],"wp:attachment":[{"href":"https:\/\/tagsoo.com\/de\/wp-json\/wp\/v2\/media?parent=8573"}],"curies":[{"name":"wp","href":"https:\/\/api.w.org\/{rel}","templated":true}]}}