{"id":8570,"date":"2026-04-04T12:41:39","date_gmt":"2026-04-04T12:41:39","guid":{"rendered":"https:\/\/tagsoo.com\/?page_id=1841"},"modified":"2026-04-04T12:44:25","modified_gmt":"2026-04-04T12:44:25","slug":"refund_returns-2","status":"publish","type":"page","link":"https:\/\/tagsoo.com\/de\/refund_returns-2\/","title":{"rendered":"Erstattungspolitik"},"content":{"rendered":"<div data-elementor-type=\"wp-page\" data-elementor-id=\"8570\" class=\"elementor elementor-8570\" data-elementor-post-type=\"page\">\n\t\t\t\t<div class=\"elementor-element elementor-element-cd2905e e-flex e-con-boxed e-con e-parent\" data-id=\"cd2905e\" data-element_type=\"container\" data-e-type=\"container\">\n\t\t\t\t\t<div class=\"e-con-inner\">\n\t\t\t\t<div class=\"elementor-element elementor-element-6096a2b5 elementor-widget elementor-widget-text-editor\" data-id=\"6096a2b5\" data-element_type=\"widget\" data-e-type=\"widget\" data-widget_type=\"text-editor.default\">\n\t\t\t\t\t\t\t\t\t<h6>(Gilt f\u00fcr die Website <span style=\"color: #ff0000;\">FUSIONSKUGEL (https:\/\/tagsoo.com)<\/span> \u2014 <span style=\"color: #339966;\">FUSION SPHERE SDN. BHD<\/span><br \/>________________________________________<br \/>Allgemeiner \u00dcberblick<br \/>- Die Website\u00a0<span style=\"color: #ff0000; letter-spacing: 0.45px;\">FUSIONSKUGEL (https:\/\/tagsoo.com)<\/span>\u00a0ist der offizielle E-Commerce-Kanal, der im Besitz und betrieben wird von\u00a0<span style=\"color: #339966; letter-spacing: 0.45px;\">FUSION SPHERE SDN. BHD<\/span>.<br \/>- Durch den Besuch der Website, die Registrierung eines Kontos oder die Aufgabe einer Bestellung auf der Website gibt der Kunde an, dass er alle Inhalte dieser Politik gelesen, verstanden und akzeptiert hat.<br \/>- Der Zweck dieser Politik ist es,:<br \/>Gew\u00e4hrleistung von Transparenz bei Online-Verk\u00e4ufen und -Transaktionen.<br \/>Schutz der gesetzlichen Rechte von\u00a0<span style=\"color: #339966; letter-spacing: 0.45px;\">FUSION SPHERE SDN. BHD<\/span><br \/>Minimieren Sie die Risiken, die bei Transaktionen und Versand entstehen.<br \/>- Die Kunden sind daf\u00fcr verantwortlich, regelm\u00e4\u00dfig nach Aktualisierungen zu suchen, da\u00a0<span style=\"color: #339966; letter-spacing: 0.45px;\">FUSION SPHERE SDN. BHD<\/span>\u00a0beh\u00e4lt sich das Recht vor, den Inhalt dieser Politik jederzeit und ohne Vorank\u00fcndigung zu \u00e4ndern.<\/h6>\n<h6>Unter\u00a0<span style=\"color: #ff0000; letter-spacing: 0.45px;\">FUSIONSKUGEL (https:\/\/tagsoo.com)<\/span>, Kundenzufriedenheit ist unsere oberste Priorit\u00e4t. Wenn Sie nicht vollst\u00e4ndig mit Ihrem Kauf zufrieden sind, sehen Sie bitte die Erstattungsrichtlinie unten.<\/h6>\n<h6>1. Erstattung<br \/>Nachdem wir Ihre R\u00fccksendung erhalten und gepr\u00fcft haben, werden wir Sie \u00fcber den Status der R\u00fcckerstattung informieren.<br \/>Im Falle einer Genehmigung wird die Erstattung auf Ihr urspr\u00fcngliches Zahlungskonto zur\u00fcck\u00fcberwiesen.<br \/>Die Bearbeitungszeit f\u00fcr die R\u00fcckerstattung h\u00e4ngt von Ihrer Bank oder Ihrem Kartenaussteller ab; bitte warten Sie 5 Werktage lang.<\/h6>\n<h6>2. Tauscht  aus.<br \/>Wenn Sie einen defekten oder besch\u00e4digten Artikel erhalten, werden wir ihn kostenlos ersetzen. Bitte kontaktieren Sie uns innerhalb von 3 Tagen nach Erhalt des Artikels und stellen Sie Fotos des Problems zur Verf\u00fcgung.<\/h6>\n<h6>3. Kosten f\u00fcr die R\u00fccksendung<br \/>Der Kunde tr\u00e4gt die Kosten f\u00fcr die R\u00fccksendung, es sei denn, der Artikel ist defekt oder es wurde ein falscher Artikel geschickt.<br \/>Wir empfehlen die Nutzung eines verfolgbaren Logistikdienstes oder den Abschluss einer Versandversicherung. Ohne Zustellnachweis k\u00f6nnen wir die R\u00fccksendung Ihres Artikels nicht garantieren.<\/h6>\n<h6>4. Wie Sie eine R\u00fcckgabe oder Erstattung beantragen<br \/>Um einen Artikel zur\u00fcckzusenden oder eine R\u00fcckerstattung zu beantragen, kontaktieren Sie uns bitte:<br \/><span style=\"color: #ff0000;\"><strong>E-Mail: support@tagsoo.com<\/strong><\/span><br \/>Bitte geben Sie die folgenden Informationen an:<br \/>Ihre Bestellnummer<br \/>Eine kurze Beschreibung des Problems<br \/>Fotos (wenn der Artikel besch\u00e4digt oder defekt ist) Wir behalten uns das Recht vor, R\u00fccksendungen abzulehnen, die die oben genannten Bedingungen nicht erf\u00fcllen.<\/h6>\n<h6><br \/>Vielen Dank f\u00fcr Ihren Einkauf bei\u00a0<span style=\"color: #ff0000; letter-spacing: 0.45px;\">FUSIONSKUGEL (https:\/\/tagsoo.com)<\/span>.<\/h6>\t\t\t\t\t\t\t\t<\/div>\n\t\t\t\t\t<\/div>\n\t\t\t\t<\/div>\n\t\t\t\t<\/div>","protected":false},"excerpt":{"rendered":"<p>(Applicable to the website FUSION SPHERE (https:\/\/tagsoo.com) \u2014 FUSION SPHERE SDN. BHD________________________________________General Overview\u2022 The website\u00a0FUSION SPHERE (https:\/\/tagsoo.com)\u00a0is the official e-commerce channel owned and operated by\u00a0FUSION SPHERE SDN. BHD.\u2022 By visiting the website, registering an account, or placing an order on the website, the customer indicates that they have read, understood, and accepted all contents of [&hellip;]<\/p>\n","protected":false},"author":1,"featured_media":0,"parent":0,"menu_order":0,"comment_status":"closed","ping_status":"closed","template":"","meta":{"_monsterinsights_skip_tracking":false,"_monsterinsights_sitenote_active":false,"_monsterinsights_sitenote_note":"","_monsterinsights_sitenote_category":0,"footnotes":""},"class_list":["post-8570","page","type-page","status-publish","hentry"],"aioseo_notices":[],"_hostinger_reach_plugin_has_subscription_block":false,"_hostinger_reach_plugin_is_elementor":false,"_links":{"self":[{"href":"https:\/\/tagsoo.com\/de\/wp-json\/wp\/v2\/pages\/8570","targetHints":{"allow":["GET"]}}],"collection":[{"href":"https:\/\/tagsoo.com\/de\/wp-json\/wp\/v2\/pages"}],"about":[{"href":"https:\/\/tagsoo.com\/de\/wp-json\/wp\/v2\/types\/page"}],"author":[{"embeddable":true,"href":"https:\/\/tagsoo.com\/de\/wp-json\/wp\/v2\/users\/1"}],"replies":[{"embeddable":true,"href":"https:\/\/tagsoo.com\/de\/wp-json\/wp\/v2\/comments?post=8570"}],"version-history":[{"count":7,"href":"https:\/\/tagsoo.com\/de\/wp-json\/wp\/v2\/pages\/8570\/revisions"}],"predecessor-version":[{"id":9161,"href":"https:\/\/tagsoo.com\/de\/wp-json\/wp\/v2\/pages\/8570\/revisions\/9161"}],"wp:attachment":[{"href":"https:\/\/tagsoo.com\/de\/wp-json\/wp\/v2\/media?parent=8570"}],"curies":[{"name":"wp","href":"https:\/\/api.w.org\/{rel}","templated":true}]}}