{"id":3,"date":"2026-03-04T11:37:13","date_gmt":"2026-03-04T11:37:13","guid":{"rendered":"https:\/\/tagsoo.com\/?page_id=3"},"modified":"2026-04-04T12:18:27","modified_gmt":"2026-04-04T12:18:27","slug":"privacy-policy","status":"publish","type":"page","link":"https:\/\/tagsoo.com\/de\/privacy-policy\/","title":{"rendered":"Datenschutzbestimmungen"},"content":{"rendered":"<div data-elementor-type=\"wp-page\" data-elementor-id=\"3\" class=\"elementor elementor-3\" data-elementor-post-type=\"page\">\n\t\t\t\t<div class=\"elementor-element elementor-element-7fa25673 e-flex e-con-boxed e-con e-parent\" data-id=\"7fa25673\" data-element_type=\"container\" data-e-type=\"container\">\n\t\t\t\t\t<div class=\"e-con-inner\">\n\t\t\t\t<div class=\"elementor-element elementor-element-1fee20a5 elementor-widget elementor-widget-text-editor\" data-id=\"1fee20a5\" data-element_type=\"widget\" data-e-type=\"widget\" data-widget_type=\"text-editor.default\">\n\t\t\t\t\t\t\t\t\t<h6>(Gilt f\u00fcr die Website <span style=\"color: #ff0000;\">FUSIONSKUGEL (https:\/\/tagsoo.com)<\/span> \u2014 <span style=\"color: #339966;\">FUSION SPHERE SDN. BHD<\/span><br \/>________________________________________<br \/>Allgemeiner \u00dcberblick<br \/>- Die Website\u00a0<span style=\"color: #ff0000; letter-spacing: 0.45px;\">FUSIONSKUGEL (https:\/\/tagsoo.com)<\/span>\u00a0ist der offizielle E-Commerce-Kanal, der im Besitz und betrieben wird von\u00a0<span style=\"color: #339966; letter-spacing: 0.45px;\">FUSION SPHERE SDN. BHD<\/span>.<br \/>- Durch den Besuch der Website, die Registrierung eines Kontos oder die Aufgabe einer Bestellung auf der Website gibt der Kunde an, dass er alle Inhalte dieser Politik gelesen, verstanden und akzeptiert hat.<br \/>- Der Zweck dieser Politik ist es,:<br \/>Gew\u00e4hrleistung von Transparenz bei Online-Verk\u00e4ufen und -Transaktionen.<br \/>Schutz der gesetzlichen Rechte von\u00a0<span style=\"color: #339966; letter-spacing: 0.45px;\">FUSION SPHERE SDN. BHD<\/span><br \/>Minimieren Sie die Risiken, die bei Transaktionen und Versand entstehen.<br \/>- Die Kunden sind daf\u00fcr verantwortlich, regelm\u00e4\u00dfig nach Aktualisierungen zu suchen, da\u00a0<span style=\"color: #339966; letter-spacing: 0.45px;\">FUSION SPHERE SDN. BHD<\/span>\u00a0beh\u00e4lt sich das Recht vor, den Inhalt dieser Politik jederzeit und ohne Vorank\u00fcndigung zu \u00e4ndern.<\/h6>\n<h6>1. Einleitung<br \/>Unter\u00a0<span style=\"color: #ff0000; letter-spacing: 0.45px;\">FUSIONSKUGEL (https:\/\/tagsoo.com)<\/span>, Wir wissen Ihr Vertrauen zu sch\u00e4tzen und verpflichten uns, Ihre Privatsph\u00e4re zu sch\u00fctzen. In dieser Datenschutzrichtlinie wird erl\u00e4utert, wie wir Ihre pers\u00f6nlichen Daten erfassen, verwenden und sch\u00fctzen, wenn Sie unsere Website besuchen, einen Kauf t\u00e4tigen oder uns \u00fcber einen beliebigen Kommunikationskanal kontaktieren.<\/h6>\n<h6><br \/>2. Informationen, die wir sammeln<br \/>Wir k\u00f6nnen die folgenden Arten von Informationen sammeln:<br \/>Pers\u00f6nliche Informationen:<br \/>Name<br \/>E-Mail Adresse<br \/>Rufnummer<br \/>Lieferadresse<br \/>Zahlungsinformationen:<br \/>Kreditkarten-\/Debitkarteninformationen (sicher verarbeitet durch Drittanbieter-Zahlungsprozessoren)<br \/>Verwendungsdaten:<br \/>Informationen dar\u00fcber, wie Sie mit unserer Website interagieren, einschlie\u00dflich Ihrer IP-Adresse, des Browsertyps und der Seiten, die Sie besuchen.<\/h6>\n<h6><br \/>3. Wie wir Ihre Informationen verwenden<br \/>Wir verwenden Ihre Daten f\u00fcr die folgenden Zwecke:<br \/>Auftragsabwicklung: Bearbeitung und Ausf\u00fchrung Ihrer Bestellungen, einschlie\u00dflich des Versands von Auftragsbest\u00e4tigungen und Versandbenachrichtigungen.<br \/>Kundenbetreuung: Beantwortung Ihrer Anfragen und Bereitstellung von Kundensupport.<br \/>Marketing: Zusendung von Werbematerialien, Newslettern und anderen Informationen (wenn Sie sich daf\u00fcr entschieden haben, diese zu erhalten).<br \/>Verbesserung der Website: Analyse von Nutzungstrends und Verbesserung unserer Website und Dienste.<\/h6>\n<h6><br \/>4. Datensicherheit<br \/>Wir nehmen die Sicherheit Ihrer pers\u00f6nlichen Daten sehr ernst. Wir setzen verschiedene Sicherheitsma\u00dfnahmen ein, darunter Verschl\u00fcsselung und sichere Server, um Ihre Daten vor unbefugtem Zugriff, Ver\u00e4nderung oder Zerst\u00f6rung zu sch\u00fctzen.<\/h6>\n<h6><br \/>5. Informationsaustausch<br \/>Wir werden Ihre pers\u00f6nlichen Daten nicht verkaufen, tauschen oder anderweitig an externe Parteien weitergeben. Wir k\u00f6nnen Ihre Daten an vertrauensw\u00fcrdige Dritte weitergeben, die uns beim Betrieb der Website, bei der Abwicklung von Gesch\u00e4ften oder bei der Bereitstellung von Dienstleistungen f\u00fcr Sie unterst\u00fctzen, vorausgesetzt, diese Dritten verpflichten sich, diese Daten vertraulich zu behandeln.<\/h6>\n<h6><br \/>6. Cookies<br \/>Unsere Website kann Cookies verwenden, um die Benutzerfreundlichkeit zu verbessern. Sie k\u00f6nnen w\u00e4hlen, ob Sie Cookies akzeptieren oder ablehnen. Die Ablehnung von Cookies kann dazu f\u00fchren, dass Sie nicht die volle Funktionalit\u00e4t der Website nutzen k\u00f6nnen.<\/h6>\n<h6><br \/>7. Deine Rechte<br \/>Sie haben das Recht dazu:<br \/>Zugang zu Ihren pers\u00f6nlichen Daten.<br \/>Antrag auf Berichtigung ungenauer Daten.<br \/>unter bestimmten Umst\u00e4nden die L\u00f6schung Ihrer Daten zu verlangen.<\/h6>\n<h6><br \/>8. \u00c4nderungen an dieser Politik<br \/>Wir k\u00f6nnen diese Datenschutzrichtlinie von Zeit zu Zeit aktualisieren. Wir werden Sie \u00fcber alle \u00c4nderungen informieren, indem wir die neue Richtlinie auf der Website ver\u00f6ffentlichen und das Datum des Inkrafttretens aktualisieren.<\/h6>\n<h6><br \/>9. Kontakt<br \/>Wenn Sie Fragen zu dieser Datenschutzrichtlinie haben, wenden Sie sich bitte an uns:<br \/>E-Mail: <span style=\"color: #ff0000;\">support@tagsoo.com<\/span><\/h6>\n<p><!-- \/wp:paragraph --><\/p>\t\t\t\t\t\t\t\t<\/div>\n\t\t\t\t\t<\/div>\n\t\t\t\t<\/div>\n\t\t\t\t<\/div>","protected":false},"excerpt":{"rendered":"<p>(Applicable to the website FUSION SPHERE (https:\/\/tagsoo.com) \u2014 FUSION SPHERE SDN. BHD________________________________________General Overview\u2022 The website\u00a0FUSION SPHERE (https:\/\/tagsoo.com)\u00a0is the official e-commerce channel owned and operated by\u00a0FUSION SPHERE SDN. BHD.\u2022 By visiting the website, registering an account, or placing an order on the website, the customer indicates that they have read, understood, and accepted all contents of [&hellip;]<\/p>\n","protected":false},"author":1,"featured_media":0,"parent":0,"menu_order":0,"comment_status":"closed","ping_status":"open","template":"","meta":{"_monsterinsights_skip_tracking":false,"_monsterinsights_sitenote_active":false,"_monsterinsights_sitenote_note":"","_monsterinsights_sitenote_category":0,"footnotes":""},"class_list":["post-3","page","type-page","status-publish","hentry"],"aioseo_notices":[],"_hostinger_reach_plugin_has_subscription_block":false,"_hostinger_reach_plugin_is_elementor":false,"_links":{"self":[{"href":"https:\/\/tagsoo.com\/de\/wp-json\/wp\/v2\/pages\/3","targetHints":{"allow":["GET"]}}],"collection":[{"href":"https:\/\/tagsoo.com\/de\/wp-json\/wp\/v2\/pages"}],"about":[{"href":"https:\/\/tagsoo.com\/de\/wp-json\/wp\/v2\/types\/page"}],"author":[{"embeddable":true,"href":"https:\/\/tagsoo.com\/de\/wp-json\/wp\/v2\/users\/1"}],"replies":[{"embeddable":true,"href":"https:\/\/tagsoo.com\/de\/wp-json\/wp\/v2\/comments?post=3"}],"version-history":[{"count":4,"href":"https:\/\/tagsoo.com\/de\/wp-json\/wp\/v2\/pages\/3\/revisions"}],"predecessor-version":[{"id":9151,"href":"https:\/\/tagsoo.com\/de\/wp-json\/wp\/v2\/pages\/3\/revisions\/9151"}],"wp:attachment":[{"href":"https:\/\/tagsoo.com\/de\/wp-json\/wp\/v2\/media?parent=3"}],"curies":[{"name":"wp","href":"https:\/\/api.w.org\/{rel}","templated":true}]}}